{"id":24,"date":"2022-01-30T16:49:41","date_gmt":"2022-01-30T15:49:41","guid":{"rendered":"https:\/\/lesalverien.fr\/?page_id=24"},"modified":"2024-10-29T18:35:42","modified_gmt":"2024-10-29T17:35:42","slug":"le-salverien-st-sauveur","status":"publish","type":"page","link":"https:\/\/lesalverien.fr\/","title":{"rendered":"Accueil"},"content":{"rendered":"\n<h1 class=\"wp-block-heading\">Le Salv\u00e9rien St Sauveur<\/h1>\n\n\n\n<div style=\"height:43px\" aria-hidden=\"true\" class=\"wp-block-spacer\"><\/div>\n\n\n\n<p><strong>G\u00e9rants depuis 22 ans du restaurant de la commune de  St Sauveur Isabelle et Bruno vous accueillent  dans un restaurant convivial qui b\u00e9n\u00e9ficie l&rsquo;\u00e9t\u00e9 d&rsquo;une agr\u00e9able terrasse . Le Salv\u00e9rien St Sauveur . Un havre de paix au pied  du Vercors<\/strong>. <\/p>\n\n\n\n<p><strong>Apr\u00e8s le  repas ,  vous avez  la  possibilit\u00e9 de  visiter  le  Sud Gr\u00e9sivaudan. Vous pouvez  vous  rendre en direction de  Roybon  ,  pour d\u00e9couvrir  St Antoine .<\/strong><\/p>\n\n\n\n<p><strong> Vous avez \u00e9galement la  possibilit\u00e9 de vous partir vers   St Nazaire en Royans,  ou le bateau \u00e0 Roue  vous conduira jusqu&rsquo;aux  fontaines  p\u00e9trifiantes  de la Sone.<\/strong><\/p>\n\n\n\n<div style=\"height:32px\" aria-hidden=\"true\" class=\"wp-block-spacer\"><\/div>\n\n\n\n<div class=\"wp-block-columns is-layout-flex wp-container-core-columns-is-layout-9d6595d7 wp-block-columns-is-layout-flex\">\n<div class=\"wp-block-column is-layout-flow wp-block-column-is-layout-flow\">\n<figure class=\"wp-block-image size-large\"><img fetchpriority=\"high\" decoding=\"async\" width=\"1024\" height=\"256\" src=\"https:\/\/lesalverien.fr\/wp-content\/uploads\/2022\/01\/cropped-terrasse-1024x256.png\" alt=\"\" class=\"wp-image-253\" srcset=\"https:\/\/lesalverien.fr\/wp-content\/uploads\/2022\/01\/cropped-terrasse-1024x256.png 1024w, https:\/\/lesalverien.fr\/wp-content\/uploads\/2022\/01\/cropped-terrasse-300x75.png 300w, https:\/\/lesalverien.fr\/wp-content\/uploads\/2022\/01\/cropped-terrasse-768x192.png 768w, https:\/\/lesalverien.fr\/wp-content\/uploads\/2022\/01\/cropped-terrasse-1536x384.png 1536w, https:\/\/lesalverien.fr\/wp-content\/uploads\/2022\/01\/cropped-terrasse.png 2000w\" sizes=\"(max-width: 1024px) 100vw, 1024px\" \/><\/figure>\n<\/div>\n<\/div>\n\n\n\n<p><strong>La salle du restaurant permet d&rsquo;accueillir de belles tables.  Si vous \u00eates une association, ou si  vous avez  un projet de r\u00e9ception pour laquelle vous serez nombreux nous avons la solution. En effet, le restaurant \u00e0 la possibilit\u00e9 d&rsquo;utiliser la salle de la commune , si elle est disponible  \u00e0 la  location.  Cette salle permet d&rsquo;accueillir des groupes.<\/strong><\/p>\n\n\n\n<div style=\"height:30px\" aria-hidden=\"true\" class=\"wp-block-spacer\"><\/div>\n\n\n\n<div class=\"wp-block-columns is-layout-flex wp-container-core-columns-is-layout-9d6595d7 wp-block-columns-is-layout-flex\">\n<div class=\"wp-block-column is-layout-flow wp-block-column-is-layout-flow\" style=\"flex-basis:66.66%\">\n<div class=\"wp-block-columns is-layout-flex wp-container-core-columns-is-layout-9d6595d7 wp-block-columns-is-layout-flex\">\n<div class=\"wp-block-column is-layout-flow wp-block-column-is-layout-flow\">\n<figure class=\"wp-block-image size-large\"><img decoding=\"async\" width=\"768\" height=\"1024\" src=\"https:\/\/lesalverien.fr\/wp-content\/uploads\/2022\/02\/repas-groupe2-1-768x1024.jpg\" alt=\"le salverien  st sauveur\" class=\"wp-image-327\" srcset=\"https:\/\/lesalverien.fr\/wp-content\/uploads\/2022\/02\/repas-groupe2-1-768x1024.jpg 768w, https:\/\/lesalverien.fr\/wp-content\/uploads\/2022\/02\/repas-groupe2-1-225x300.jpg 225w, https:\/\/lesalverien.fr\/wp-content\/uploads\/2022\/02\/repas-groupe2-1-1152x1536.jpg 1152w, https:\/\/lesalverien.fr\/wp-content\/uploads\/2022\/02\/repas-groupe2-1-1536x2048.jpg 1536w, https:\/\/lesalverien.fr\/wp-content\/uploads\/2022\/02\/repas-groupe2-1-scaled.jpg 1920w\" sizes=\"(max-width: 768px) 100vw, 768px\" \/><figcaption class=\"wp-element-caption\"> <\/figcaption><\/figure>\n<\/div>\n\n\n\n<div class=\"wp-block-column is-layout-flow wp-block-column-is-layout-flow\">\n<figure class=\"wp-block-image size-large\"><img decoding=\"async\" width=\"768\" height=\"1024\" src=\"https:\/\/lesalverien.fr\/wp-content\/uploads\/2022\/02\/salle4-768x1024.jpeg\" alt=\"le salverien  st sauveur\" class=\"wp-image-423\"\/><figcaption class=\"wp-element-caption\"> <\/figcaption><\/figure>\n<\/div>\n<\/div>\n<\/div>\n\n\n\n<div class=\"wp-block-column is-layout-flow wp-block-column-is-layout-flow\" style=\"flex-basis:33.33%\">\n<hr class=\"wp-block-separator has-css-opacity is-style-default\"\/>\n\n\n\n<blockquote class=\"wp-block-quote has-text-align-center is-style-large is-layout-flow wp-block-quote-is-layout-flow\">\n<p>\u00abNous sommes au pied  du Vercors  venez  prendre un bol d&rsquo;air chez nous&nbsp;&nbsp;\u00bb<\/p>\n<\/blockquote>\n\n\n\n<hr class=\"wp-block-separator has-css-opacity is-style-default\"\/>\n<\/div>\n<\/div>\n\n\n\n<div class=\"wp-block-columns is-layout-flex wp-container-core-columns-is-layout-9d6595d7 wp-block-columns-is-layout-flex\">\n<div class=\"wp-block-column is-layout-flow wp-block-column-is-layout-flow\"><p>[h5p id=\u00a0\u00bb3&Prime;]<\/p>\n<\/div>\n\n\n\n<div class=\"wp-block-column is-layout-flow wp-block-column-is-layout-flow\">\n<h3 class=\"wp-block-heading\"> <\/h3>\n\n\n\n<div class=\"wp-block-columns is-layout-flex wp-container-core-columns-is-layout-9d6595d7 wp-block-columns-is-layout-flex\">\n<div class=\"wp-block-column is-layout-flow wp-block-column-is-layout-flow\"><p>[h5p id=\u00a0\u00bb1&Prime;]<\/p>\n<\/div>\n<\/div>\n<\/div>\n<\/div>\n\n\n\n<div class=\"wp-block-columns is-layout-flex wp-container-core-columns-is-layout-9d6595d7 wp-block-columns-is-layout-flex\">\n<div class=\"wp-block-column is-layout-flow wp-block-column-is-layout-flow\"><\/div>\n<\/div>\n\n\n\n<div class=\"wp-block-columns is-layout-flex wp-container-core-columns-is-layout-9d6595d7 wp-block-columns-is-layout-flex\">\n<div class=\"wp-block-column is-layout-flow wp-block-column-is-layout-flow\">\n<h3 class=\"wp-block-heading\" id=\"nous-joindre-au-telephone\">Nous joindre au t\u00e9l\u00e9phone <\/h3>\n\n\n\n<div style=\"height:17px\" aria-hidden=\"true\" class=\"wp-block-spacer\"><\/div>\n\n\n\n<p>04 76 38 34 74<\/p>\n\n\n\n<div style=\"height:21px\" aria-hidden=\"true\" class=\"wp-block-spacer\"><\/div>\n\n\n\n<h2 class=\"wp-block-heading\">Le Salv\u00e9rien St Sauveur : Nos horaires <\/h2>\n\n\n\n<h2 class=\"wp-block-heading\" id=\"nos-horaires-1\">  <\/h2>\n\n\n\n<div style=\"height:37px\" aria-hidden=\"true\" class=\"wp-block-spacer\"><\/div>\n\n\n\n<p><strong>Lundi 8h00-17h00<\/strong><\/p>\n\n\n\n<p><strong>Mardi 8h00-17h00<\/strong><\/p>\n\n\n\n<p><strong>Mercredi ferm\u00e9<\/strong><\/p>\n\n\n\n<p><strong>Jeudi 8h00-17h00<\/strong><\/p>\n\n\n\n<p><strong>Vendredi 8h00-23h00<\/strong><\/p>\n\n\n\n<p><strong>Samedi 8h00-23h00<\/strong><\/p>\n\n\n\n<p><strong>Dimanche 8h00-17h00<\/strong><\/p>\n<\/div>\n\n\n\n<div class=\"wp-block-column is-layout-flow wp-block-column-is-layout-flow\">\n<figure class=\"wp-block-image size-large is-resized\"><img loading=\"lazy\" decoding=\"async\" width=\"768\" height=\"1024\" src=\"https:\/\/lesalverien.fr\/wp-content\/uploads\/2022\/02\/bollet-1-768x1024.jpeg\" alt=\"le salverien  st sauveur\" class=\"wp-image-439\" style=\"width:187px;height:249px\"\/><figcaption class=\"wp-element-caption\"> <\/figcaption><\/figure>\n\n\n\n<div style=\"height:42px\" aria-hidden=\"true\" class=\"wp-block-spacer\"><\/div>\n\n\n\n<figure class=\"wp-block-image size-large is-resized\"><a href=\"https:\/\/lesalverien.fr\/index.php\/notre-menu-traditionnel\/\" target=\"_blank\" rel=\"noreferrer noopener\"><img loading=\"lazy\" decoding=\"async\" width=\"768\" height=\"1024\" src=\"https:\/\/lesalverien.fr\/wp-content\/uploads\/2022\/02\/salade7-768x1024.jpeg\" alt=\"\" class=\"wp-image-417\" style=\"width:189px;height:252px\" srcset=\"https:\/\/lesalverien.fr\/wp-content\/uploads\/2022\/02\/salade7-768x1024.jpeg 768w, https:\/\/lesalverien.fr\/wp-content\/uploads\/2022\/02\/salade7-225x300.jpeg 225w, https:\/\/lesalverien.fr\/wp-content\/uploads\/2022\/02\/salade7-1152x1536.jpeg 1152w, https:\/\/lesalverien.fr\/wp-content\/uploads\/2022\/02\/salade7.jpeg 1536w\" sizes=\"(max-width: 768px) 100vw, 768px\" \/><\/a><\/figure>\n<\/div>\n\n\n\n<div class=\"wp-block-column is-layout-flow wp-block-column-is-layout-flow\">\n<figure class=\"wp-block-video\"><video height=\"1280\" style=\"aspect-ratio: 720 \/ 1280;\" width=\"720\" controls src=\"https:\/\/lesalverien.fr\/wp-content\/uploads\/2022\/02\/received_370887937800710.mp4\"><\/video><\/figure>\n\n\n\n<figure class=\"wp-block-gallery has-nested-images columns-default is-cropped wp-block-gallery-1 is-layout-flex wp-block-gallery-is-layout-flex\">\n<figure class=\"wp-block-image size-large\"><img loading=\"lazy\" decoding=\"async\" width=\"1080\" height=\"810\" data-id=\"288\" src=\"https:\/\/lesalverien.fr\/wp-content\/uploads\/2022\/02\/vercors2.jpg\" alt=\"\" class=\"wp-image-288\" srcset=\"https:\/\/lesalverien.fr\/wp-content\/uploads\/2022\/02\/vercors2.jpg 1080w, https:\/\/lesalverien.fr\/wp-content\/uploads\/2022\/02\/vercors2-300x225.jpg 300w, https:\/\/lesalverien.fr\/wp-content\/uploads\/2022\/02\/vercors2-1024x768.jpg 1024w, https:\/\/lesalverien.fr\/wp-content\/uploads\/2022\/02\/vercors2-768x576.jpg 768w\" sizes=\"(max-width: 1080px) 100vw, 1080px\" \/><\/figure>\n\n\n\n<figure class=\"wp-block-image size-large\"><a href=\"https:\/\/www.google.com\/url?sa=t&amp;rct=j&amp;q=&amp;esrc=s&amp;source=web&amp;cd=&amp;ved=2ahUKEwjm1t-YibL4AhUPhc4BHWpyCxsQFnoECAgQAQ&amp;url=https%3A%2F%2Fchefsimon.com%2Frecettes%2Ftag%2Fravioles%2520du%2520Dauphin%25C3%25A9&amp;usg=AOvVaw182it5u2QdtO9F94MZpaKG\" target=\"_blank\" rel=\"noreferrer noopener\"><img decoding=\"async\" data-id=\"382\" src=\"https:\/\/lesalverien.fr\/wp-content\/uploads\/2022\/02\/IMG_20220216_184558-1-scaled.jpg\" alt=\"\" class=\"wp-image-382\"\/><\/a><\/figure>\n\n\n\n<figure class=\"wp-block-image size-large\"><img decoding=\"async\" data-id=\"323\" src=\"https:\/\/lesalverien.fr\/wp-content\/uploads\/2022\/02\/photo-pont-en-royans.jpg\" alt=\"le salverien  st sauveur\" class=\"wp-image-323\"\/><\/figure>\n<\/figure>\n<\/div>\n<\/div>\n\n\n\n<p><strong>N&rsquo;h\u00e9sitez  pas  \u00e0 nous rejoindre  sur nos r\u00e9seaux sociaux. Sur les saisons d&rsquo;automne et  d&rsquo;hiver nous  vous  proposons  des plats  \u00e0 emporter qui changent  tous les  weekends , rejoignez  nous  sur  Facebook pour avoir les  derni\u00e8res informations : <\/strong><\/p>\n\n\n\n<ul class=\"wp-block-social-links is-layout-flex wp-block-social-links-is-layout-flex\"><li class=\"wp-social-link wp-social-link-facebook  wp-block-social-link\"><a href=\"https:\/\/www.facebook.com\/restaurantlesalverien\" class=\"wp-block-social-link-anchor\"><svg width=\"24\" height=\"24\" viewBox=\"0 0 24 24\" version=\"1.1\" xmlns=\"http:\/\/www.w3.org\/2000\/svg\" aria-hidden=\"true\" focusable=\"false\"><path d=\"M12 2C6.5 2 2 6.5 2 12c0 5 3.7 9.1 8.4 9.9v-7H7.9V12h2.5V9.8c0-2.5 1.5-3.9 3.8-3.9 1.1 0 2.2.2 2.2.2v2.5h-1.3c-1.2 0-1.6.8-1.6 1.6V12h2.8l-.4 2.9h-2.3v7C18.3 21.1 22 17 22 12c0-5.5-4.5-10-10-10z\"><\/path><\/svg><span class=\"wp-block-social-link-label screen-reader-text\">Facebook<\/span><\/a><\/li><\/ul>\n\n\n\n<h4 class=\"wp-block-heading\" id=\"nous-contacter\">Nous contacter :<\/h4>\n\n\n\n<p><\/p>\n","protected":false},"excerpt":{"rendered":"<p>Le Salv\u00e9rien St Sauveur G\u00e9rants depuis 22 ans du restaurant de la commune de St Sauveur Isabelle et Bruno vous accueillent dans un restaurant convivial qui b\u00e9n\u00e9ficie l&rsquo;\u00e9t\u00e9 d&rsquo;une agr\u00e9able terrasse . Le Salv\u00e9rien St Sauveur . Un havre de paix au pied du Vercors. Apr\u00e8s le repas , vous avez la possibilit\u00e9 de visiter [&hellip;]<\/p>\n","protected":false},"author":1,"featured_media":0,"parent":0,"menu_order":0,"comment_status":"closed","ping_status":"closed","template":"","meta":{"footnotes":""},"class_list":["post-24","page","type-page","status-publish","hentry"],"yoast_head":"<!-- This site is optimized with the Yoast SEO plugin v27.4 - https:\/\/yoast.com\/product\/yoast-seo-wordpress\/ -->\n<title>Accueil - Le Salverien<\/title>\n<meta name=\"description\" content=\"le salverien st sauveur . Le restaurant le salverien vous accueille dans un cadre campagnard , avec des menus \u00e0 base de produits locaux.\" \/>\n<meta name=\"robots\" content=\"index, follow, max-snippet:-1, max-image-preview:large, max-video-preview:-1\" \/>\n<link rel=\"canonical\" href=\"https:\/\/lesalverien.fr\/\" \/>\n<meta property=\"og:locale\" content=\"fr_FR\" \/>\n<meta property=\"og:type\" content=\"article\" \/>\n<meta property=\"og:title\" content=\"Accueil - Le Salverien\" \/>\n<meta property=\"og:description\" content=\"le salverien st sauveur . Le restaurant le salverien vous accueille dans un cadre campagnard , avec des menus \u00e0 base de produits locaux.\" \/>\n<meta property=\"og:url\" content=\"https:\/\/lesalverien.fr\/\" \/>\n<meta property=\"og:site_name\" content=\"Le Salverien\" \/>\n<meta property=\"article:modified_time\" content=\"2024-10-29T17:35:42+00:00\" \/>\n<meta property=\"og:image\" content=\"https:\/\/lesalverien.fr\/wp-content\/uploads\/2022\/01\/cropped-terrasse-1024x256.png\" \/>\n<meta name=\"twitter:card\" content=\"summary_large_image\" \/>\n<meta name=\"twitter:label1\" content=\"Dur\u00e9e de lecture estim\u00e9e\" \/>\n\t<meta name=\"twitter:data1\" content=\"3 minutes\" \/>\n<script type=\"application\/ld+json\" class=\"yoast-schema-graph\">{\"@context\":\"https:\\\/\\\/schema.org\",\"@graph\":[{\"@type\":\"WebPage\",\"@id\":\"https:\\\/\\\/lesalverien.fr\\\/\",\"url\":\"https:\\\/\\\/lesalverien.fr\\\/\",\"name\":\"Accueil - Le Salverien\",\"isPartOf\":{\"@id\":\"https:\\\/\\\/lesalverien.fr\\\/#website\"},\"primaryImageOfPage\":{\"@id\":\"https:\\\/\\\/lesalverien.fr\\\/#primaryimage\"},\"image\":{\"@id\":\"https:\\\/\\\/lesalverien.fr\\\/#primaryimage\"},\"thumbnailUrl\":\"http:\\\/\\\/lesalverien.fr\\\/wp-content\\\/uploads\\\/2022\\\/01\\\/cropped-terrasse-1024x256.png\",\"datePublished\":\"2022-01-30T15:49:41+00:00\",\"dateModified\":\"2024-10-29T17:35:42+00:00\",\"description\":\"le salverien st sauveur . Le restaurant le salverien vous accueille dans un cadre campagnard , avec des menus \u00e0 base de produits locaux.\",\"breadcrumb\":{\"@id\":\"https:\\\/\\\/lesalverien.fr\\\/#breadcrumb\"},\"inLanguage\":\"fr-FR\",\"potentialAction\":[{\"@type\":\"ReadAction\",\"target\":[\"https:\\\/\\\/lesalverien.fr\\\/\"]}]},{\"@type\":\"ImageObject\",\"inLanguage\":\"fr-FR\",\"@id\":\"https:\\\/\\\/lesalverien.fr\\\/#primaryimage\",\"url\":\"https:\\\/\\\/lesalverien.fr\\\/wp-content\\\/uploads\\\/2022\\\/01\\\/cropped-terrasse.png\",\"contentUrl\":\"https:\\\/\\\/lesalverien.fr\\\/wp-content\\\/uploads\\\/2022\\\/01\\\/cropped-terrasse.png\",\"width\":2000,\"height\":500,\"caption\":\"le salverien st sauveur\"},{\"@type\":\"BreadcrumbList\",\"@id\":\"https:\\\/\\\/lesalverien.fr\\\/#breadcrumb\",\"itemListElement\":[{\"@type\":\"ListItem\",\"position\":1,\"name\":\"Accueil\",\"item\":\"https:\\\/\\\/lesalverien.fr\\\/\"},{\"@type\":\"ListItem\",\"position\":2,\"name\":\"Accueil\"}]},{\"@type\":\"WebSite\",\"@id\":\"https:\\\/\\\/lesalverien.fr\\\/#website\",\"url\":\"https:\\\/\\\/lesalverien.fr\\\/\",\"name\":\"Le Salverien\",\"description\":\"\",\"publisher\":{\"@id\":\"https:\\\/\\\/lesalverien.fr\\\/#organization\"},\"potentialAction\":[{\"@type\":\"SearchAction\",\"target\":{\"@type\":\"EntryPoint\",\"urlTemplate\":\"https:\\\/\\\/lesalverien.fr\\\/?s={search_term_string}\"},\"query-input\":{\"@type\":\"PropertyValueSpecification\",\"valueRequired\":true,\"valueName\":\"search_term_string\"}}],\"inLanguage\":\"fr-FR\"},{\"@type\":\"Organization\",\"@id\":\"https:\\\/\\\/lesalverien.fr\\\/#organization\",\"name\":\"Le Salverien\",\"url\":\"https:\\\/\\\/lesalverien.fr\\\/\",\"logo\":{\"@type\":\"ImageObject\",\"inLanguage\":\"fr-FR\",\"@id\":\"https:\\\/\\\/lesalverien.fr\\\/#\\\/schema\\\/logo\\\/image\\\/\",\"url\":\"https:\\\/\\\/lesalverien.fr\\\/wp-content\\\/uploads\\\/2022\\\/01\\\/cropped-cropped-cropped-cropped-cropped-cropped-lesalveriendenuitjpeg-1-1.jpeg\",\"contentUrl\":\"https:\\\/\\\/lesalverien.fr\\\/wp-content\\\/uploads\\\/2022\\\/01\\\/cropped-cropped-cropped-cropped-cropped-cropped-lesalveriendenuitjpeg-1-1.jpeg\",\"width\":240,\"height\":240,\"caption\":\"Le Salverien\"},\"image\":{\"@id\":\"https:\\\/\\\/lesalverien.fr\\\/#\\\/schema\\\/logo\\\/image\\\/\"}}]}<\/script>\n<!-- \/ Yoast SEO plugin. -->","yoast_head_json":{"title":"Accueil - Le Salverien","description":"le salverien st sauveur . Le restaurant le salverien vous accueille dans un cadre campagnard , avec des menus \u00e0 base de produits locaux.","robots":{"index":"index","follow":"follow","max-snippet":"max-snippet:-1","max-image-preview":"max-image-preview:large","max-video-preview":"max-video-preview:-1"},"canonical":"https:\/\/lesalverien.fr\/","og_locale":"fr_FR","og_type":"article","og_title":"Accueil - Le Salverien","og_description":"le salverien st sauveur . Le restaurant le salverien vous accueille dans un cadre campagnard , avec des menus \u00e0 base de produits locaux.","og_url":"https:\/\/lesalverien.fr\/","og_site_name":"Le Salverien","article_modified_time":"2024-10-29T17:35:42+00:00","og_image":[{"url":"https:\/\/lesalverien.fr\/wp-content\/uploads\/2022\/01\/cropped-terrasse-1024x256.png","type":"","width":"","height":""}],"twitter_card":"summary_large_image","twitter_misc":{"Dur\u00e9e de lecture estim\u00e9e":"3 minutes"},"schema":{"@context":"https:\/\/schema.org","@graph":[{"@type":"WebPage","@id":"https:\/\/lesalverien.fr\/","url":"https:\/\/lesalverien.fr\/","name":"Accueil - Le Salverien","isPartOf":{"@id":"https:\/\/lesalverien.fr\/#website"},"primaryImageOfPage":{"@id":"https:\/\/lesalverien.fr\/#primaryimage"},"image":{"@id":"https:\/\/lesalverien.fr\/#primaryimage"},"thumbnailUrl":"https:\/\/lesalverien.fr\/wp-content\/uploads\/2022\/01\/cropped-terrasse-1024x256.png","datePublished":"2022-01-30T15:49:41+00:00","dateModified":"2024-10-29T17:35:42+00:00","description":"le salverien st sauveur . Le restaurant le salverien vous accueille dans un cadre campagnard , avec des menus \u00e0 base de produits locaux.","breadcrumb":{"@id":"https:\/\/lesalverien.fr\/#breadcrumb"},"inLanguage":"fr-FR","potentialAction":[{"@type":"ReadAction","target":["https:\/\/lesalverien.fr\/"]}]},{"@type":"ImageObject","inLanguage":"fr-FR","@id":"https:\/\/lesalverien.fr\/#primaryimage","url":"https:\/\/lesalverien.fr\/wp-content\/uploads\/2022\/01\/cropped-terrasse.png","contentUrl":"https:\/\/lesalverien.fr\/wp-content\/uploads\/2022\/01\/cropped-terrasse.png","width":2000,"height":500,"caption":"le salverien st sauveur"},{"@type":"BreadcrumbList","@id":"https:\/\/lesalverien.fr\/#breadcrumb","itemListElement":[{"@type":"ListItem","position":1,"name":"Accueil","item":"https:\/\/lesalverien.fr\/"},{"@type":"ListItem","position":2,"name":"Accueil"}]},{"@type":"WebSite","@id":"https:\/\/lesalverien.fr\/#website","url":"https:\/\/lesalverien.fr\/","name":"Le Salverien","description":"","publisher":{"@id":"https:\/\/lesalverien.fr\/#organization"},"potentialAction":[{"@type":"SearchAction","target":{"@type":"EntryPoint","urlTemplate":"https:\/\/lesalverien.fr\/?s={search_term_string}"},"query-input":{"@type":"PropertyValueSpecification","valueRequired":true,"valueName":"search_term_string"}}],"inLanguage":"fr-FR"},{"@type":"Organization","@id":"https:\/\/lesalverien.fr\/#organization","name":"Le Salverien","url":"https:\/\/lesalverien.fr\/","logo":{"@type":"ImageObject","inLanguage":"fr-FR","@id":"https:\/\/lesalverien.fr\/#\/schema\/logo\/image\/","url":"https:\/\/lesalverien.fr\/wp-content\/uploads\/2022\/01\/cropped-cropped-cropped-cropped-cropped-cropped-lesalveriendenuitjpeg-1-1.jpeg","contentUrl":"https:\/\/lesalverien.fr\/wp-content\/uploads\/2022\/01\/cropped-cropped-cropped-cropped-cropped-cropped-lesalveriendenuitjpeg-1-1.jpeg","width":240,"height":240,"caption":"Le Salverien"},"image":{"@id":"https:\/\/lesalverien.fr\/#\/schema\/logo\/image\/"}}]}},"_links":{"self":[{"href":"https:\/\/lesalverien.fr\/index.php\/wp-json\/wp\/v2\/pages\/24","targetHints":{"allow":["GET"]}}],"collection":[{"href":"https:\/\/lesalverien.fr\/index.php\/wp-json\/wp\/v2\/pages"}],"about":[{"href":"https:\/\/lesalverien.fr\/index.php\/wp-json\/wp\/v2\/types\/page"}],"author":[{"embeddable":true,"href":"https:\/\/lesalverien.fr\/index.php\/wp-json\/wp\/v2\/users\/1"}],"replies":[{"embeddable":true,"href":"https:\/\/lesalverien.fr\/index.php\/wp-json\/wp\/v2\/comments?post=24"}],"version-history":[{"count":88,"href":"https:\/\/lesalverien.fr\/index.php\/wp-json\/wp\/v2\/pages\/24\/revisions"}],"predecessor-version":[{"id":876,"href":"https:\/\/lesalverien.fr\/index.php\/wp-json\/wp\/v2\/pages\/24\/revisions\/876"}],"wp:attachment":[{"href":"https:\/\/lesalverien.fr\/index.php\/wp-json\/wp\/v2\/media?parent=24"}],"curies":[{"name":"wp","href":"https:\/\/api.w.org\/{rel}","templated":true}]}}