{"id":33,"date":"2022-01-30T16:57:35","date_gmt":"2022-01-30T15:57:35","guid":{"rendered":"https:\/\/lesalverien.fr\/?page_id=33"},"modified":"2024-10-29T18:24:41","modified_gmt":"2024-10-29T17:24:41","slug":"contacter-le-salverien","status":"publish","type":"page","link":"https:\/\/lesalverien.fr\/index.php\/contacter-le-salverien\/","title":{"rendered":"Contacter le Salverien"},"content":{"rendered":"\n<div class=\"wp-block-columns is-layout-flex wp-container-core-columns-is-layout-9d6595d7 wp-block-columns-is-layout-flex\">\n<div class=\"wp-block-column is-layout-flow wp-block-column-is-layout-flow\">\n<figure class=\"wp-block-gallery has-nested-images columns-default is-cropped wp-block-gallery-1 is-layout-flex wp-block-gallery-is-layout-flex\">\n<figure class=\"wp-block-image size-large\"><img fetchpriority=\"high\" decoding=\"async\" width=\"768\" height=\"1024\" data-id=\"435\" src=\"https:\/\/lesalverien.fr\/wp-content\/uploads\/2022\/02\/tarteaucitron-768x1024.jpeg\" alt=\"contacter le salverien\" class=\"wp-image-435\"\/><figcaption class=\"wp-element-caption\"> <\/figcaption><\/figure>\n\n\n\n<figure class=\"wp-block-image size-large\"><a href=\"https:\/\/lesalverien.fr\/index.php\/notre-menu-traditionnel\/\" target=\"_blank\" rel=\"noreferrer noopener\"><img decoding=\"async\" data-id=\"381\" src=\"https:\/\/lesalverien.fr\/wp-content\/uploads\/2022\/02\/IMG_20220216_184550-scaled.jpg\" alt=\"\" class=\"wp-image-381\"\/><\/a><\/figure>\n\n\n\n<figure class=\"wp-block-image size-large\"><img decoding=\"async\" data-id=\"376\" src=\"https:\/\/lesalverien.fr\/wp-content\/uploads\/2022\/02\/IMG_20220216_184648.jpg\" alt=\"contacter le salverien\" class=\"wp-image-376\"\/><figcaption class=\"wp-element-caption\"> <\/figcaption><\/figure>\n\n\n\n<figure class=\"wp-block-image size-large\"><img decoding=\"async\" data-id=\"375\" src=\"https:\/\/lesalverien.fr\/wp-content\/uploads\/2022\/02\/IMG_20220216_184712.jpg\" alt=\"contacter le salverien\" class=\"wp-image-375\"\/><\/figure>\n\n\n\n<figure class=\"wp-block-image size-large\"><img decoding=\"async\" data-id=\"374\" src=\"https:\/\/lesalverien.fr\/wp-content\/uploads\/2022\/02\/IMG_20220216_184717.jpg\" alt=\"contacter le salverien\" class=\"wp-image-374\"\/><figcaption class=\"wp-element-caption\"> <\/figcaption><\/figure>\n\n\n\n<figure class=\"wp-block-image size-large\"><img decoding=\"async\" width=\"217\" height=\"282\" data-id=\"373\" src=\"https:\/\/lesalverien.fr\/wp-content\/uploads\/2022\/02\/IMG_20220216_184525.jpg\" alt=\"contacter le salverien\" class=\"wp-image-373\"\/><figcaption class=\"wp-element-caption\"> <\/figcaption><\/figure>\n<\/figure>\n<\/div>\n\n\n\n<div class=\"wp-block-column is-layout-flow wp-block-column-is-layout-flow\">\n<p>Nous aimons vous  faire  des  recettes traditionnelles , pr\u00e9par\u00e9es avec des produits locaux. Nous sommes partenaires  avec des exploitants et des  producteurs  du Sud Gr\u00e9sivaudan .N\u2019h\u00e9sitez pas \u00e0  contacter le Salv\u00e9rien et venez vous r\u00e9galer.<\/p>\n<\/div>\n<\/div>\n\n\n\n<p>Pour  nous contacter vous  pouvez nous  joindre par t\u00e9l\u00e9phone  au 0476383474<\/p>\n\n\n\n<p>ou  par mail : bruno.garcia44@wanadoo.fr<\/p>\n\n\n\n<ul class=\"wp-block-social-links is-layout-flex wp-block-social-links-is-layout-flex\"><li class=\"wp-social-link wp-social-link-facebook  wp-block-social-link\"><a href=\"https:\/\/www.facebook.com\/restaurantlesalverien\" class=\"wp-block-social-link-anchor\"><svg width=\"24\" height=\"24\" viewBox=\"0 0 24 24\" version=\"1.1\" xmlns=\"http:\/\/www.w3.org\/2000\/svg\" aria-hidden=\"true\" focusable=\"false\"><path d=\"M12 2C6.5 2 2 6.5 2 12c0 5 3.7 9.1 8.4 9.9v-7H7.9V12h2.5V9.8c0-2.5 1.5-3.9 3.8-3.9 1.1 0 2.2.2 2.2.2v2.5h-1.3c-1.2 0-1.6.8-1.6 1.6V12h2.8l-.4 2.9h-2.3v7C18.3 21.1 22 17 22 12c0-5.5-4.5-10-10-10z\"><\/path><\/svg><span class=\"wp-block-social-link-label screen-reader-text\">Facebook<\/span><\/a><\/li><\/ul>\n\n\n\n<figure class=\"wp-block-gallery has-nested-images columns-default is-cropped wp-block-gallery-2 is-layout-flex wp-block-gallery-is-layout-flex\">\n<figure class=\"wp-block-image size-large\"><img decoding=\"async\" data-id=\"476\" src=\"https:\/\/lesalverien.fr\/wp-content\/uploads\/2022\/02\/leruzand.jpeg\" alt=\"le salverien restaurant au pied du vercors\" class=\"wp-image-476\"\/><figcaption class=\"wp-element-caption\">le salverien restaurant au pied du Vercors<\/figcaption><\/figure>\n\n\n\n<figure class=\"wp-block-image size-large\"><a href=\"https:\/\/www.google.com\/url?sa=t&amp;rct=j&amp;q=&amp;esrc=s&amp;source=web&amp;cd=&amp;cad=rja&amp;uact=8&amp;ved=2ahUKEwjT4bGii7L4AhVM14UKHVvIABwQFnoECA0QAQ&amp;url=http%3A%2F%2Ftourisme.saintmarcellin-vercors-isere.fr%2Ffr-2-2%2Fsaint-antoine-labbaye%2Fles-evenements%2F&amp;usg=AOvVaw38vfCeFIAIL_QXzo_3MBbM\" target=\"_blank\" rel=\"noreferrer noopener\"><img decoding=\"async\" data-id=\"470\" src=\"https:\/\/lesalverien.fr\/wp-content\/uploads\/2022\/02\/abbaye-1.jpg\" alt=\"contacter le salverien\" class=\"wp-image-470\"\/><\/a><figcaption class=\"wp-element-caption\"> <\/figcaption><\/figure>\n\n\n\n<figure class=\"wp-block-image size-large\"><img decoding=\"async\" width=\"303\" height=\"180\" data-id=\"469\" src=\"https:\/\/lesalverien.fr\/wp-content\/uploads\/2022\/02\/le-bateau-a-roue-1.jpg\" alt=\"Le bateau \u00e0 roue  \u00e0 st nazaire en royans\" class=\"wp-image-469\" srcset=\"https:\/\/lesalverien.fr\/wp-content\/uploads\/2022\/02\/le-bateau-a-roue-1.jpg 303w, https:\/\/lesalverien.fr\/wp-content\/uploads\/2022\/02\/le-bateau-a-roue-1-300x178.jpg 300w\" sizes=\"(max-width: 303px) 100vw, 303px\" \/><figcaption class=\"wp-element-caption\">Le bateau \u00e0 roue  \u00e0 st nazaire en royans<\/figcaption><\/figure>\n<\/figure>\n\n\n\n<p>Nous avons  la  chance  , d\u2019\u00eatre dans  une  r\u00e9gion  superbe,  au climat agr\u00e9able.  L&rsquo;hiver,  vous  \u00eates au  pied  du Vercors ,  et la route de Pont en royans,  vous emm\u00e8ne \u00e0 Villard de Lans et Autrans ou vous  pouvez faire du ski des raquettes et d&rsquo;autres sports. Nous sommes \u00e0 proximit\u00e9 de la V63 qui relie la Via-  Rhona \u00e0 Valence . Vous pouvez donc vous restaurer au Salv\u00e9rien , et  poursuivre en  suite votre p\u00e9riple en V\u00e9lo. Si vous avez  besoin d&rsquo;un  emplacement pour garer votre camping car, \u00e0 proximit\u00e9 du restaurant  le Salv\u00e9rien , il y a la ferme des combeaux ,  qui vous  offre la  possibilit\u00e9 de stationner  votre  v\u00e9hicule, en toute s\u00e9curit\u00e9.<\/p>\n","protected":false},"excerpt":{"rendered":"<p>Nous aimons vous faire des recettes traditionnelles , pr\u00e9par\u00e9es avec des produits locaux. Nous sommes partenaires avec des exploitants et des producteurs du Sud Gr\u00e9sivaudan .N\u2019h\u00e9sitez pas \u00e0 contacter le Salv\u00e9rien et venez vous r\u00e9galer. Pour nous contacter vous pouvez nous joindre par t\u00e9l\u00e9phone au 0476383474 ou par mail : bruno.garcia44@wanadoo.fr Nous avons la chance [&hellip;]<\/p>\n","protected":false},"author":1,"featured_media":0,"parent":0,"menu_order":0,"comment_status":"closed","ping_status":"closed","template":"","meta":{"footnotes":""},"class_list":["post-33","page","type-page","status-publish","hentry"],"yoast_head":"<!-- This site is optimized with the Yoast SEO plugin v27.4 - https:\/\/yoast.com\/product\/yoast-seo-wordpress\/ -->\n<title>Contacter le Salverien - Le Salverien<\/title>\n<meta name=\"description\" content=\"Contacter le salverien. Nous sommes \u00e0 votre disposition , pour tous renseignements , nous pouvons organiser vos r\u00e9ceptions .\" \/>\n<meta name=\"robots\" content=\"index, follow, max-snippet:-1, max-image-preview:large, max-video-preview:-1\" \/>\n<link rel=\"canonical\" href=\"https:\/\/lesalverien.fr\/index.php\/contacter-le-salverien\/\" \/>\n<meta property=\"og:locale\" content=\"fr_FR\" \/>\n<meta property=\"og:type\" content=\"article\" \/>\n<meta property=\"og:title\" content=\"Contacter le Salverien - Le Salverien\" \/>\n<meta property=\"og:description\" content=\"Contacter le salverien. Nous sommes \u00e0 votre disposition , pour tous renseignements , nous pouvons organiser vos r\u00e9ceptions .\" \/>\n<meta property=\"og:url\" content=\"https:\/\/lesalverien.fr\/index.php\/contacter-le-salverien\/\" \/>\n<meta property=\"og:site_name\" content=\"Le Salverien\" \/>\n<meta property=\"article:modified_time\" content=\"2024-10-29T17:24:41+00:00\" \/>\n<meta property=\"og:image\" content=\"https:\/\/lesalverien.fr\/wp-content\/uploads\/2022\/02\/tarteaucitron-768x1024.jpeg\" \/>\n<meta name=\"twitter:card\" content=\"summary_large_image\" \/>\n<meta name=\"twitter:label1\" content=\"Dur\u00e9e de lecture estim\u00e9e\" \/>\n\t<meta name=\"twitter:data1\" content=\"3 minutes\" \/>\n<script type=\"application\/ld+json\" class=\"yoast-schema-graph\">{\"@context\":\"https:\\\/\\\/schema.org\",\"@graph\":[{\"@type\":\"WebPage\",\"@id\":\"https:\\\/\\\/lesalverien.fr\\\/index.php\\\/contacter-le-salverien\\\/\",\"url\":\"https:\\\/\\\/lesalverien.fr\\\/index.php\\\/contacter-le-salverien\\\/\",\"name\":\"Contacter le Salverien - Le Salverien\",\"isPartOf\":{\"@id\":\"https:\\\/\\\/lesalverien.fr\\\/#website\"},\"primaryImageOfPage\":{\"@id\":\"https:\\\/\\\/lesalverien.fr\\\/index.php\\\/contacter-le-salverien\\\/#primaryimage\"},\"image\":{\"@id\":\"https:\\\/\\\/lesalverien.fr\\\/index.php\\\/contacter-le-salverien\\\/#primaryimage\"},\"thumbnailUrl\":\"https:\\\/\\\/lesalverien.fr\\\/wp-content\\\/uploads\\\/2022\\\/02\\\/tarteaucitron-768x1024.jpeg\",\"datePublished\":\"2022-01-30T15:57:35+00:00\",\"dateModified\":\"2024-10-29T17:24:41+00:00\",\"description\":\"Contacter le salverien. Nous sommes \u00e0 votre disposition , pour tous renseignements , nous pouvons organiser vos r\u00e9ceptions .\",\"breadcrumb\":{\"@id\":\"https:\\\/\\\/lesalverien.fr\\\/index.php\\\/contacter-le-salverien\\\/#breadcrumb\"},\"inLanguage\":\"fr-FR\",\"potentialAction\":[{\"@type\":\"ReadAction\",\"target\":[\"https:\\\/\\\/lesalverien.fr\\\/index.php\\\/contacter-le-salverien\\\/\"]}]},{\"@type\":\"ImageObject\",\"inLanguage\":\"fr-FR\",\"@id\":\"https:\\\/\\\/lesalverien.fr\\\/index.php\\\/contacter-le-salverien\\\/#primaryimage\",\"url\":\"https:\\\/\\\/lesalverien.fr\\\/wp-content\\\/uploads\\\/2022\\\/02\\\/tarteaucitron-768x1024.jpeg\",\"contentUrl\":\"https:\\\/\\\/lesalverien.fr\\\/wp-content\\\/uploads\\\/2022\\\/02\\\/tarteaucitron-768x1024.jpeg\"},{\"@type\":\"BreadcrumbList\",\"@id\":\"https:\\\/\\\/lesalverien.fr\\\/index.php\\\/contacter-le-salverien\\\/#breadcrumb\",\"itemListElement\":[{\"@type\":\"ListItem\",\"position\":1,\"name\":\"Accueil\",\"item\":\"https:\\\/\\\/lesalverien.fr\\\/\"},{\"@type\":\"ListItem\",\"position\":2,\"name\":\"Contacter le Salverien\"}]},{\"@type\":\"WebSite\",\"@id\":\"https:\\\/\\\/lesalverien.fr\\\/#website\",\"url\":\"https:\\\/\\\/lesalverien.fr\\\/\",\"name\":\"Le Salverien\",\"description\":\"\",\"publisher\":{\"@id\":\"https:\\\/\\\/lesalverien.fr\\\/#organization\"},\"potentialAction\":[{\"@type\":\"SearchAction\",\"target\":{\"@type\":\"EntryPoint\",\"urlTemplate\":\"https:\\\/\\\/lesalverien.fr\\\/?s={search_term_string}\"},\"query-input\":{\"@type\":\"PropertyValueSpecification\",\"valueRequired\":true,\"valueName\":\"search_term_string\"}}],\"inLanguage\":\"fr-FR\"},{\"@type\":\"Organization\",\"@id\":\"https:\\\/\\\/lesalverien.fr\\\/#organization\",\"name\":\"Le Salverien\",\"url\":\"https:\\\/\\\/lesalverien.fr\\\/\",\"logo\":{\"@type\":\"ImageObject\",\"inLanguage\":\"fr-FR\",\"@id\":\"https:\\\/\\\/lesalverien.fr\\\/#\\\/schema\\\/logo\\\/image\\\/\",\"url\":\"https:\\\/\\\/lesalverien.fr\\\/wp-content\\\/uploads\\\/2022\\\/01\\\/cropped-cropped-cropped-cropped-cropped-cropped-lesalveriendenuitjpeg-1-1.jpeg\",\"contentUrl\":\"https:\\\/\\\/lesalverien.fr\\\/wp-content\\\/uploads\\\/2022\\\/01\\\/cropped-cropped-cropped-cropped-cropped-cropped-lesalveriendenuitjpeg-1-1.jpeg\",\"width\":240,\"height\":240,\"caption\":\"Le Salverien\"},\"image\":{\"@id\":\"https:\\\/\\\/lesalverien.fr\\\/#\\\/schema\\\/logo\\\/image\\\/\"}}]}<\/script>\n<!-- \/ Yoast SEO plugin. -->","yoast_head_json":{"title":"Contacter le Salverien - Le Salverien","description":"Contacter le salverien. Nous sommes \u00e0 votre disposition , pour tous renseignements , nous pouvons organiser vos r\u00e9ceptions .","robots":{"index":"index","follow":"follow","max-snippet":"max-snippet:-1","max-image-preview":"max-image-preview:large","max-video-preview":"max-video-preview:-1"},"canonical":"https:\/\/lesalverien.fr\/index.php\/contacter-le-salverien\/","og_locale":"fr_FR","og_type":"article","og_title":"Contacter le Salverien - Le Salverien","og_description":"Contacter le salverien. Nous sommes \u00e0 votre disposition , pour tous renseignements , nous pouvons organiser vos r\u00e9ceptions .","og_url":"https:\/\/lesalverien.fr\/index.php\/contacter-le-salverien\/","og_site_name":"Le Salverien","article_modified_time":"2024-10-29T17:24:41+00:00","og_image":[{"url":"https:\/\/lesalverien.fr\/wp-content\/uploads\/2022\/02\/tarteaucitron-768x1024.jpeg","type":"","width":"","height":""}],"twitter_card":"summary_large_image","twitter_misc":{"Dur\u00e9e de lecture estim\u00e9e":"3 minutes"},"schema":{"@context":"https:\/\/schema.org","@graph":[{"@type":"WebPage","@id":"https:\/\/lesalverien.fr\/index.php\/contacter-le-salverien\/","url":"https:\/\/lesalverien.fr\/index.php\/contacter-le-salverien\/","name":"Contacter le Salverien - Le Salverien","isPartOf":{"@id":"https:\/\/lesalverien.fr\/#website"},"primaryImageOfPage":{"@id":"https:\/\/lesalverien.fr\/index.php\/contacter-le-salverien\/#primaryimage"},"image":{"@id":"https:\/\/lesalverien.fr\/index.php\/contacter-le-salverien\/#primaryimage"},"thumbnailUrl":"https:\/\/lesalverien.fr\/wp-content\/uploads\/2022\/02\/tarteaucitron-768x1024.jpeg","datePublished":"2022-01-30T15:57:35+00:00","dateModified":"2024-10-29T17:24:41+00:00","description":"Contacter le salverien. Nous sommes \u00e0 votre disposition , pour tous renseignements , nous pouvons organiser vos r\u00e9ceptions .","breadcrumb":{"@id":"https:\/\/lesalverien.fr\/index.php\/contacter-le-salverien\/#breadcrumb"},"inLanguage":"fr-FR","potentialAction":[{"@type":"ReadAction","target":["https:\/\/lesalverien.fr\/index.php\/contacter-le-salverien\/"]}]},{"@type":"ImageObject","inLanguage":"fr-FR","@id":"https:\/\/lesalverien.fr\/index.php\/contacter-le-salverien\/#primaryimage","url":"https:\/\/lesalverien.fr\/wp-content\/uploads\/2022\/02\/tarteaucitron-768x1024.jpeg","contentUrl":"https:\/\/lesalverien.fr\/wp-content\/uploads\/2022\/02\/tarteaucitron-768x1024.jpeg"},{"@type":"BreadcrumbList","@id":"https:\/\/lesalverien.fr\/index.php\/contacter-le-salverien\/#breadcrumb","itemListElement":[{"@type":"ListItem","position":1,"name":"Accueil","item":"https:\/\/lesalverien.fr\/"},{"@type":"ListItem","position":2,"name":"Contacter le Salverien"}]},{"@type":"WebSite","@id":"https:\/\/lesalverien.fr\/#website","url":"https:\/\/lesalverien.fr\/","name":"Le Salverien","description":"","publisher":{"@id":"https:\/\/lesalverien.fr\/#organization"},"potentialAction":[{"@type":"SearchAction","target":{"@type":"EntryPoint","urlTemplate":"https:\/\/lesalverien.fr\/?s={search_term_string}"},"query-input":{"@type":"PropertyValueSpecification","valueRequired":true,"valueName":"search_term_string"}}],"inLanguage":"fr-FR"},{"@type":"Organization","@id":"https:\/\/lesalverien.fr\/#organization","name":"Le Salverien","url":"https:\/\/lesalverien.fr\/","logo":{"@type":"ImageObject","inLanguage":"fr-FR","@id":"https:\/\/lesalverien.fr\/#\/schema\/logo\/image\/","url":"https:\/\/lesalverien.fr\/wp-content\/uploads\/2022\/01\/cropped-cropped-cropped-cropped-cropped-cropped-lesalveriendenuitjpeg-1-1.jpeg","contentUrl":"https:\/\/lesalverien.fr\/wp-content\/uploads\/2022\/01\/cropped-cropped-cropped-cropped-cropped-cropped-lesalveriendenuitjpeg-1-1.jpeg","width":240,"height":240,"caption":"Le Salverien"},"image":{"@id":"https:\/\/lesalverien.fr\/#\/schema\/logo\/image\/"}}]}},"_links":{"self":[{"href":"https:\/\/lesalverien.fr\/index.php\/wp-json\/wp\/v2\/pages\/33","targetHints":{"allow":["GET"]}}],"collection":[{"href":"https:\/\/lesalverien.fr\/index.php\/wp-json\/wp\/v2\/pages"}],"about":[{"href":"https:\/\/lesalverien.fr\/index.php\/wp-json\/wp\/v2\/types\/page"}],"author":[{"embeddable":true,"href":"https:\/\/lesalverien.fr\/index.php\/wp-json\/wp\/v2\/users\/1"}],"replies":[{"embeddable":true,"href":"https:\/\/lesalverien.fr\/index.php\/wp-json\/wp\/v2\/comments?post=33"}],"version-history":[{"count":23,"href":"https:\/\/lesalverien.fr\/index.php\/wp-json\/wp\/v2\/pages\/33\/revisions"}],"predecessor-version":[{"id":873,"href":"https:\/\/lesalverien.fr\/index.php\/wp-json\/wp\/v2\/pages\/33\/revisions\/873"}],"wp:attachment":[{"href":"https:\/\/lesalverien.fr\/index.php\/wp-json\/wp\/v2\/media?parent=33"}],"curies":[{"name":"wp","href":"https:\/\/api.w.org\/{rel}","templated":true}]}}