{"id":330,"date":"2022-02-15T07:36:29","date_gmt":"2022-02-15T06:36:29","guid":{"rendered":"https:\/\/lesalverien.fr\/?page_id=330"},"modified":"2022-06-16T17:03:38","modified_gmt":"2022-06-16T15:03:38","slug":"salles-de-reception","status":"publish","type":"page","link":"https:\/\/lesalverien.fr\/index.php\/salles-de-reception\/","title":{"rendered":"Nos  salles de reception"},"content":{"rendered":"\n<h4 class=\"wp-block-heading\" id=\"la-salle-du-restaurant\">  La salle du restaurant<\/h4>\n\n\n\n<figure class=\"wp-block-gallery has-nested-images columns-default is-cropped wp-block-gallery-1 is-layout-flex wp-block-gallery-is-layout-flex\">\n<figure class=\"wp-block-image size-large\"><img fetchpriority=\"high\" decoding=\"async\" width=\"640\" height=\"480\" data-id=\"378\" src=\"https:\/\/lesalverien.fr\/wp-content\/uploads\/2022\/02\/IMG_20220216_184644.jpg\" alt=\"Salles de reception\" class=\"wp-image-378\" srcset=\"https:\/\/lesalverien.fr\/wp-content\/uploads\/2022\/02\/IMG_20220216_184644.jpg 640w, https:\/\/lesalverien.fr\/wp-content\/uploads\/2022\/02\/IMG_20220216_184644-300x225.jpg 300w\" sizes=\"(max-width: 640px) 100vw, 640px\" \/><figcaption> <\/figcaption><\/figure>\n\n\n\n<figure class=\"wp-block-image size-large\"><img decoding=\"async\" data-id=\"328\" src=\"https:\/\/lesalverien.fr\/wp-content\/uploads\/2022\/02\/salle1-1.jpg\" alt=\"Salles de reception\" class=\"wp-image-328\"\/><\/figure>\n<\/figure>\n\n\n\n<p>D\u00e9couvrez nos salles de reception . Si, vous  souhaitez  organiser  une  r\u00e9ception  , tel  un anniversaire ,  ou un mariage en petit comit\u00e9 , La salle  de principale du restaurant  le Salv\u00e9rien nous permet de vous recevoir en toute convivialit\u00e9 . Dans une atmosph\u00e8re chaleureuse et agr\u00e9able, ou vous vous sentirez comme \u00e0 la maison. L&rsquo;\u00e9t\u00e9  en plus de nos salles de reception nous avons  la possibilit\u00e9 de vous proposer la terrasse ext\u00e9rieure  qui est ombrag\u00e9e et agr\u00e9able en  \u00e9t\u00e9.<\/p>\n\n\n\n<h4 class=\"wp-block-heading\" id=\"la-salle-communale\"> La salle communale<\/h4>\n\n\n\n<figure class=\"wp-block-gallery has-nested-images columns-default is-cropped wp-block-gallery-2 is-layout-flex wp-block-gallery-is-layout-flex\">\n<figure class=\"wp-block-image size-large\"><img decoding=\"async\" width=\"768\" height=\"1024\" data-id=\"326\" src=\"https:\/\/lesalverien.fr\/wp-content\/uploads\/2022\/02\/repas-groupe-768x1024.jpg\" alt=\"Salles de reception\" class=\"wp-image-326\"\/><figcaption> <\/figcaption><\/figure>\n\n\n\n<figure class=\"wp-block-image size-large\"><a href=\"https:\/\/lesalverien.fr\/index.php\/notre-menu-traditionnel\/\" target=\"_blank\" rel=\"noreferrer noopener\"><img decoding=\"async\" width=\"768\" height=\"1024\" data-id=\"433\" src=\"https:\/\/lesalverien.fr\/wp-content\/uploads\/2022\/02\/salverienfacejour-1-768x1024.jpeg\" alt=\"restaurant le salverien\" class=\"wp-image-433\"\/><\/a><figcaption>restaurant le salverien<\/figcaption><\/figure>\n\n\n\n<figure class=\"wp-block-image size-large\"><a href=\"https:\/\/www.google.com\/url?sa=t&amp;rct=j&amp;q=&amp;esrc=s&amp;source=web&amp;cd=&amp;cad=rja&amp;uact=8&amp;ved=2ahUKEwjnjumbl7L4AhUJzYUKHY5fDhsQFnoECA0QAQ&amp;url=http%3A%2F%2Fwww.saintsauveur38.fr%2F&amp;usg=AOvVaw0K98sDgijqCH22NPCdv4AN\" target=\"_blank\" rel=\"noreferrer noopener\"><img loading=\"lazy\" decoding=\"async\" width=\"576\" height=\"1024\" data-id=\"346\" src=\"https:\/\/lesalverien.fr\/wp-content\/uploads\/2022\/02\/repas-groupe2-1-edited-576x1024.jpg\" alt=\"Salles de reception\" class=\"wp-image-346\"\/><\/a><figcaption> <\/figcaption><\/figure>\n<\/figure>\n\n\n\n<p>La salle communale, nous permet d&rsquo;organiser des repas d&rsquo;association. \u00c9galement des repas d&rsquo;anniversaire, et des  mariages si vous \u00eates  plus nombreux . Par contre il est  important de pr\u00e9ciser  que nous  devront     faire  le  point  au pr\u00e9alable  avec la mairie  pour savoir si elle  est disponible et  si elle  peut \u00eatre  lou\u00e9e  pour votre reception .  <\/p>\n\n\n\n<p>Nous avons  des partenaires  ,  avec qui  nous travaillons  pour  l&rsquo;organisation  de  vos r\u00e9ceptions. En effet,  nous  pouvons vous proposer des personnes  de confiance, notamment  l<a href=\"http:\/\/lucetteetfleurette.fr\" target=\"_blank\" rel=\"noreferrer noopener\">ucette et fleurett<\/a>e  pour  les fleurs . C&rsquo;est une jeune  fleuriste  originaire de st sauveur qui a  travaill\u00e9  trois ans  en estafette . Elle  vient  d&rsquo;ouvrir  sa boutique  \u00e0 St Romans , au carrefour des   routes.<\/p>\n\n\n\n<p>Si vous  \u00eates  en camping car ,  nous  pouvons  vous indiquer  la  ferme des  combeaux  pour stationner<\/p>\n","protected":false},"excerpt":{"rendered":"<p>La salle du restaurant D\u00e9couvrez nos salles de reception . Si, vous souhaitez organiser une r\u00e9ception , tel un anniversaire , ou un mariage en petit comit\u00e9 , La salle de principale du restaurant le Salv\u00e9rien nous permet de vous recevoir en toute convivialit\u00e9 . Dans une atmosph\u00e8re chaleureuse et agr\u00e9able, ou vous vous sentirez [&hellip;]<\/p>\n","protected":false},"author":1,"featured_media":0,"parent":0,"menu_order":0,"comment_status":"closed","ping_status":"closed","template":"","meta":{"footnotes":""},"class_list":["post-330","page","type-page","status-publish","hentry"],"yoast_head":"<!-- This site is optimized with the Yoast SEO plugin v27.4 - https:\/\/yoast.com\/product\/yoast-seo-wordpress\/ -->\n<title>Nos salles de reception - Le Salverien<\/title>\n<meta name=\"description\" content=\"salles de reception . Nous contacter pour un devis sans engagement. Nous pouvons vous proposer la salle communale ou La salle du restaurant .\" \/>\n<meta name=\"robots\" content=\"index, follow, max-snippet:-1, max-image-preview:large, max-video-preview:-1\" \/>\n<link rel=\"canonical\" href=\"https:\/\/lesalverien.fr\/index.php\/salles-de-reception\/\" \/>\n<meta property=\"og:locale\" content=\"fr_FR\" \/>\n<meta property=\"og:type\" content=\"article\" \/>\n<meta property=\"og:title\" content=\"Nos salles de reception - Le Salverien\" \/>\n<meta property=\"og:description\" content=\"salles de reception . Nous contacter pour un devis sans engagement. Nous pouvons vous proposer la salle communale ou La salle du restaurant .\" \/>\n<meta property=\"og:url\" content=\"https:\/\/lesalverien.fr\/index.php\/salles-de-reception\/\" \/>\n<meta property=\"og:site_name\" content=\"Le Salverien\" \/>\n<meta property=\"article:modified_time\" content=\"2022-06-16T15:03:38+00:00\" \/>\n<meta property=\"og:image\" content=\"https:\/\/lesalverien.fr\/wp-content\/uploads\/2022\/02\/IMG_20220216_184644.jpg\" \/>\n<meta name=\"twitter:card\" content=\"summary_large_image\" \/>\n<meta name=\"twitter:label1\" content=\"Dur\u00e9e de lecture estim\u00e9e\" \/>\n\t<meta name=\"twitter:data1\" content=\"3 minutes\" \/>\n<script type=\"application\/ld+json\" class=\"yoast-schema-graph\">{\"@context\":\"https:\\\/\\\/schema.org\",\"@graph\":[{\"@type\":\"WebPage\",\"@id\":\"https:\\\/\\\/lesalverien.fr\\\/index.php\\\/salles-de-reception\\\/\",\"url\":\"https:\\\/\\\/lesalverien.fr\\\/index.php\\\/salles-de-reception\\\/\",\"name\":\"Nos salles de reception - Le Salverien\",\"isPartOf\":{\"@id\":\"https:\\\/\\\/lesalverien.fr\\\/#website\"},\"primaryImageOfPage\":{\"@id\":\"https:\\\/\\\/lesalverien.fr\\\/index.php\\\/salles-de-reception\\\/#primaryimage\"},\"image\":{\"@id\":\"https:\\\/\\\/lesalverien.fr\\\/index.php\\\/salles-de-reception\\\/#primaryimage\"},\"thumbnailUrl\":\"http:\\\/\\\/lesalverien.fr\\\/wp-content\\\/uploads\\\/2022\\\/02\\\/IMG_20220216_184644.jpg\",\"datePublished\":\"2022-02-15T06:36:29+00:00\",\"dateModified\":\"2022-06-16T15:03:38+00:00\",\"description\":\"salles de reception . Nous contacter pour un devis sans engagement. Nous pouvons vous proposer la salle communale ou La salle du restaurant .\",\"breadcrumb\":{\"@id\":\"https:\\\/\\\/lesalverien.fr\\\/index.php\\\/salles-de-reception\\\/#breadcrumb\"},\"inLanguage\":\"fr-FR\",\"potentialAction\":[{\"@type\":\"ReadAction\",\"target\":[\"https:\\\/\\\/lesalverien.fr\\\/index.php\\\/salles-de-reception\\\/\"]}]},{\"@type\":\"ImageObject\",\"inLanguage\":\"fr-FR\",\"@id\":\"https:\\\/\\\/lesalverien.fr\\\/index.php\\\/salles-de-reception\\\/#primaryimage\",\"url\":\"https:\\\/\\\/lesalverien.fr\\\/wp-content\\\/uploads\\\/2022\\\/02\\\/IMG_20220216_184644.jpg\",\"contentUrl\":\"https:\\\/\\\/lesalverien.fr\\\/wp-content\\\/uploads\\\/2022\\\/02\\\/IMG_20220216_184644.jpg\",\"width\":640,\"height\":480,\"caption\":\"Salles de reception\"},{\"@type\":\"BreadcrumbList\",\"@id\":\"https:\\\/\\\/lesalverien.fr\\\/index.php\\\/salles-de-reception\\\/#breadcrumb\",\"itemListElement\":[{\"@type\":\"ListItem\",\"position\":1,\"name\":\"Accueil\",\"item\":\"https:\\\/\\\/lesalverien.fr\\\/\"},{\"@type\":\"ListItem\",\"position\":2,\"name\":\"Nos salles de reception\"}]},{\"@type\":\"WebSite\",\"@id\":\"https:\\\/\\\/lesalverien.fr\\\/#website\",\"url\":\"https:\\\/\\\/lesalverien.fr\\\/\",\"name\":\"Le Salverien\",\"description\":\"\",\"publisher\":{\"@id\":\"https:\\\/\\\/lesalverien.fr\\\/#organization\"},\"potentialAction\":[{\"@type\":\"SearchAction\",\"target\":{\"@type\":\"EntryPoint\",\"urlTemplate\":\"https:\\\/\\\/lesalverien.fr\\\/?s={search_term_string}\"},\"query-input\":{\"@type\":\"PropertyValueSpecification\",\"valueRequired\":true,\"valueName\":\"search_term_string\"}}],\"inLanguage\":\"fr-FR\"},{\"@type\":\"Organization\",\"@id\":\"https:\\\/\\\/lesalverien.fr\\\/#organization\",\"name\":\"Le Salverien\",\"url\":\"https:\\\/\\\/lesalverien.fr\\\/\",\"logo\":{\"@type\":\"ImageObject\",\"inLanguage\":\"fr-FR\",\"@id\":\"https:\\\/\\\/lesalverien.fr\\\/#\\\/schema\\\/logo\\\/image\\\/\",\"url\":\"https:\\\/\\\/lesalverien.fr\\\/wp-content\\\/uploads\\\/2022\\\/01\\\/cropped-cropped-cropped-cropped-cropped-cropped-lesalveriendenuitjpeg-1-1.jpeg\",\"contentUrl\":\"https:\\\/\\\/lesalverien.fr\\\/wp-content\\\/uploads\\\/2022\\\/01\\\/cropped-cropped-cropped-cropped-cropped-cropped-lesalveriendenuitjpeg-1-1.jpeg\",\"width\":240,\"height\":240,\"caption\":\"Le Salverien\"},\"image\":{\"@id\":\"https:\\\/\\\/lesalverien.fr\\\/#\\\/schema\\\/logo\\\/image\\\/\"}}]}<\/script>\n<!-- \/ Yoast SEO plugin. -->","yoast_head_json":{"title":"Nos salles de reception - Le Salverien","description":"salles de reception . Nous contacter pour un devis sans engagement. Nous pouvons vous proposer la salle communale ou La salle du restaurant .","robots":{"index":"index","follow":"follow","max-snippet":"max-snippet:-1","max-image-preview":"max-image-preview:large","max-video-preview":"max-video-preview:-1"},"canonical":"https:\/\/lesalverien.fr\/index.php\/salles-de-reception\/","og_locale":"fr_FR","og_type":"article","og_title":"Nos salles de reception - Le Salverien","og_description":"salles de reception . Nous contacter pour un devis sans engagement. Nous pouvons vous proposer la salle communale ou La salle du restaurant .","og_url":"https:\/\/lesalverien.fr\/index.php\/salles-de-reception\/","og_site_name":"Le Salverien","article_modified_time":"2022-06-16T15:03:38+00:00","og_image":[{"url":"https:\/\/lesalverien.fr\/wp-content\/uploads\/2022\/02\/IMG_20220216_184644.jpg","type":"","width":"","height":""}],"twitter_card":"summary_large_image","twitter_misc":{"Dur\u00e9e de lecture estim\u00e9e":"3 minutes"},"schema":{"@context":"https:\/\/schema.org","@graph":[{"@type":"WebPage","@id":"https:\/\/lesalverien.fr\/index.php\/salles-de-reception\/","url":"https:\/\/lesalverien.fr\/index.php\/salles-de-reception\/","name":"Nos salles de reception - Le Salverien","isPartOf":{"@id":"https:\/\/lesalverien.fr\/#website"},"primaryImageOfPage":{"@id":"https:\/\/lesalverien.fr\/index.php\/salles-de-reception\/#primaryimage"},"image":{"@id":"https:\/\/lesalverien.fr\/index.php\/salles-de-reception\/#primaryimage"},"thumbnailUrl":"https:\/\/lesalverien.fr\/wp-content\/uploads\/2022\/02\/IMG_20220216_184644.jpg","datePublished":"2022-02-15T06:36:29+00:00","dateModified":"2022-06-16T15:03:38+00:00","description":"salles de reception . Nous contacter pour un devis sans engagement. Nous pouvons vous proposer la salle communale ou La salle du restaurant .","breadcrumb":{"@id":"https:\/\/lesalverien.fr\/index.php\/salles-de-reception\/#breadcrumb"},"inLanguage":"fr-FR","potentialAction":[{"@type":"ReadAction","target":["https:\/\/lesalverien.fr\/index.php\/salles-de-reception\/"]}]},{"@type":"ImageObject","inLanguage":"fr-FR","@id":"https:\/\/lesalverien.fr\/index.php\/salles-de-reception\/#primaryimage","url":"https:\/\/lesalverien.fr\/wp-content\/uploads\/2022\/02\/IMG_20220216_184644.jpg","contentUrl":"https:\/\/lesalverien.fr\/wp-content\/uploads\/2022\/02\/IMG_20220216_184644.jpg","width":640,"height":480,"caption":"Salles de reception"},{"@type":"BreadcrumbList","@id":"https:\/\/lesalverien.fr\/index.php\/salles-de-reception\/#breadcrumb","itemListElement":[{"@type":"ListItem","position":1,"name":"Accueil","item":"https:\/\/lesalverien.fr\/"},{"@type":"ListItem","position":2,"name":"Nos salles de reception"}]},{"@type":"WebSite","@id":"https:\/\/lesalverien.fr\/#website","url":"https:\/\/lesalverien.fr\/","name":"Le Salverien","description":"","publisher":{"@id":"https:\/\/lesalverien.fr\/#organization"},"potentialAction":[{"@type":"SearchAction","target":{"@type":"EntryPoint","urlTemplate":"https:\/\/lesalverien.fr\/?s={search_term_string}"},"query-input":{"@type":"PropertyValueSpecification","valueRequired":true,"valueName":"search_term_string"}}],"inLanguage":"fr-FR"},{"@type":"Organization","@id":"https:\/\/lesalverien.fr\/#organization","name":"Le Salverien","url":"https:\/\/lesalverien.fr\/","logo":{"@type":"ImageObject","inLanguage":"fr-FR","@id":"https:\/\/lesalverien.fr\/#\/schema\/logo\/image\/","url":"https:\/\/lesalverien.fr\/wp-content\/uploads\/2022\/01\/cropped-cropped-cropped-cropped-cropped-cropped-lesalveriendenuitjpeg-1-1.jpeg","contentUrl":"https:\/\/lesalverien.fr\/wp-content\/uploads\/2022\/01\/cropped-cropped-cropped-cropped-cropped-cropped-lesalveriendenuitjpeg-1-1.jpeg","width":240,"height":240,"caption":"Le Salverien"},"image":{"@id":"https:\/\/lesalverien.fr\/#\/schema\/logo\/image\/"}}]}},"_links":{"self":[{"href":"https:\/\/lesalverien.fr\/index.php\/wp-json\/wp\/v2\/pages\/330","targetHints":{"allow":["GET"]}}],"collection":[{"href":"https:\/\/lesalverien.fr\/index.php\/wp-json\/wp\/v2\/pages"}],"about":[{"href":"https:\/\/lesalverien.fr\/index.php\/wp-json\/wp\/v2\/types\/page"}],"author":[{"embeddable":true,"href":"https:\/\/lesalverien.fr\/index.php\/wp-json\/wp\/v2\/users\/1"}],"replies":[{"embeddable":true,"href":"https:\/\/lesalverien.fr\/index.php\/wp-json\/wp\/v2\/comments?post=330"}],"version-history":[{"count":20,"href":"https:\/\/lesalverien.fr\/index.php\/wp-json\/wp\/v2\/pages\/330\/revisions"}],"predecessor-version":[{"id":789,"href":"https:\/\/lesalverien.fr\/index.php\/wp-json\/wp\/v2\/pages\/330\/revisions\/789"}],"wp:attachment":[{"href":"https:\/\/lesalverien.fr\/index.php\/wp-json\/wp\/v2\/media?parent=330"}],"curies":[{"name":"wp","href":"https:\/\/api.w.org\/{rel}","templated":true}]}}