{"id":53,"date":"2022-01-30T17:07:35","date_gmt":"2022-01-30T16:07:35","guid":{"rendered":"https:\/\/lesalverien.fr\/?page_id=53"},"modified":"2023-03-10T15:36:02","modified_gmt":"2023-03-10T14:36:02","slug":"la-carte-salverien","status":"publish","type":"page","link":"https:\/\/lesalverien.fr\/index.php\/la-carte-salverien\/","title":{"rendered":"La carte du Salv\u00e9rien"},"content":{"rendered":"\n<div class=\"wp-block-columns alignfull is-layout-flex wp-container-core-columns-is-layout-9d6595d7 wp-block-columns-is-layout-flex\">\n<div class=\"wp-block-column is-layout-flow wp-block-column-is-layout-flow\" style=\"flex-basis:50%\">\n<div class=\"wp-block-cover is-light\" style=\"min-height:600px;aspect-ratio:unset;\"><span aria-hidden=\"true\" class=\"wp-block-cover__background has-background-dim-100 has-background-dim\" style=\"background-color:#f6f6f6\"><\/span><div class=\"wp-block-cover__inner-container is-layout-flow wp-block-cover-is-layout-flow\"><div class=\"wp-block-image\">\n<figure class=\"aligncenter size-large\"><img fetchpriority=\"high\" decoding=\"async\" width=\"724\" height=\"1024\" src=\"https:\/\/lesalverien.fr\/wp-content\/uploads\/2023\/03\/carte-724x1024.jpg\" alt=\"\" class=\"wp-image-850\" srcset=\"https:\/\/lesalverien.fr\/wp-content\/uploads\/2023\/03\/carte-724x1024.jpg 724w, https:\/\/lesalverien.fr\/wp-content\/uploads\/2023\/03\/carte-212x300.jpg 212w, https:\/\/lesalverien.fr\/wp-content\/uploads\/2023\/03\/carte-768x1086.jpg 768w, https:\/\/lesalverien.fr\/wp-content\/uploads\/2023\/03\/carte-1086x1536.jpg 1086w, https:\/\/lesalverien.fr\/wp-content\/uploads\/2023\/03\/carte.jpg 1414w\" sizes=\"(max-width: 724px) 100vw, 724px\" \/><\/figure>\n<\/div><\/div><\/div>\n<\/div>\n\n\n\n<div class=\"wp-block-column is-vertically-aligned-center is-layout-flow wp-block-column-is-layout-flow\" style=\"padding-top:1em;padding-right:1em;padding-bottom:1em;padding-left:1em\">\n<div class=\"wp-block-columns is-layout-flex wp-container-core-columns-is-layout-9d6595d7 wp-block-columns-is-layout-flex\">\n<div class=\"wp-block-column is-layout-flow wp-block-column-is-layout-flow\" style=\"flex-basis:320px\">\n<p class=\"has-small-font-size\" style=\"line-height:1.6\"><strong>Notre carte<\/strong><\/p>\n\n\n\n<p class=\"has-small-font-size\" style=\"line-height:1.6\">Notre carte est disponible  ,  tous les  jours de la semaine  pour  le repas  de  midi sauf  le  mercredi , jour de notre fermeture <\/p>\n<\/div>\n<\/div>\n<\/div>\n<\/div>\n\n\n\n<div class=\"wp-block-columns is-layout-flex wp-container-core-columns-is-layout-9d6595d7 wp-block-columns-is-layout-flex\">\n<div class=\"wp-block-column is-layout-flow wp-block-column-is-layout-flow\" style=\"flex-basis:33.33%\"><\/div>\n\n\n\n<div class=\"wp-block-column is-layout-flow wp-block-column-is-layout-flow\" style=\"flex-basis:66.66%\">\n<figure class=\"wp-block-gallery has-nested-images columns-default is-cropped wp-block-gallery-1 is-layout-flex wp-block-gallery-is-layout-flex\">\n<figure class=\"wp-block-image size-large\"><img decoding=\"async\" data-id=\"382\" src=\"https:\/\/lesalverien.fr\/wp-content\/uploads\/2022\/02\/IMG_20220216_184558-1-scaled.jpg\" alt=\"\" class=\"wp-image-382\"\/><\/figure>\n\n\n\n<figure class=\"wp-block-image size-large\"><img decoding=\"async\" data-id=\"381\" src=\"https:\/\/lesalverien.fr\/wp-content\/uploads\/2022\/02\/IMG_20220216_184550-scaled.jpg\" alt=\"\" class=\"wp-image-381\"\/><\/figure>\n\n\n\n<figure class=\"wp-block-image size-large\"><img decoding=\"async\" data-id=\"376\" src=\"https:\/\/lesalverien.fr\/wp-content\/uploads\/2022\/02\/IMG_20220216_184648.jpg\" alt=\"\" class=\"wp-image-376\"\/><\/figure>\n\n\n\n<figure class=\"wp-block-image size-large\"><img decoding=\"async\" data-id=\"375\" src=\"https:\/\/lesalverien.fr\/wp-content\/uploads\/2022\/02\/IMG_20220216_184712.jpg\" alt=\"\" class=\"wp-image-375\"\/><\/figure>\n\n\n\n<figure class=\"wp-block-image size-large\"><img decoding=\"async\" width=\"217\" height=\"282\" data-id=\"373\" src=\"https:\/\/lesalverien.fr\/wp-content\/uploads\/2022\/02\/IMG_20220216_184525.jpg\" alt=\"\" class=\"wp-image-373\"\/><\/figure>\n\n\n\n<figure class=\"wp-block-image size-large\"><img decoding=\"async\" width=\"136\" height=\"175\" data-id=\"372\" src=\"https:\/\/lesalverien.fr\/wp-content\/uploads\/2022\/02\/IMG_20220216_184622.jpg\" alt=\"\" class=\"wp-image-372\"\/><\/figure>\n<\/figure>\n<\/div>\n<\/div>\n","protected":false},"excerpt":{"rendered":"<p>Notre carte Notre carte est disponible , tous les jours de la semaine pour le repas de midi sauf le mercredi , jour de notre fermeture<\/p>\n","protected":false},"author":1,"featured_media":0,"parent":0,"menu_order":0,"comment_status":"closed","ping_status":"closed","template":"","meta":{"footnotes":""},"class_list":["post-53","page","type-page","status-publish","hentry"],"yoast_head":"<!-- This site is optimized with the Yoast SEO plugin v27.4 - https:\/\/yoast.com\/product\/yoast-seo-wordpress\/ -->\n<title>La carte du Salv\u00e9rien - Le Salverien<\/title>\n<meta name=\"description\" content=\"La carte du Salv\u00e9rien . Notre carte vous permettra de d\u00e9guster des plats r\u00e9alis\u00e9s avec des produits locaux, \u00e0 des tarifs tr\u00e8s raisonnables\" \/>\n<meta name=\"robots\" content=\"index, follow, max-snippet:-1, max-image-preview:large, max-video-preview:-1\" \/>\n<link rel=\"canonical\" href=\"https:\/\/lesalverien.fr\/index.php\/la-carte-salverien\/\" \/>\n<meta property=\"og:locale\" content=\"fr_FR\" \/>\n<meta property=\"og:type\" content=\"article\" \/>\n<meta property=\"og:title\" content=\"La carte du Salv\u00e9rien - Le Salverien\" \/>\n<meta property=\"og:description\" content=\"La carte du Salv\u00e9rien . Notre carte vous permettra de d\u00e9guster des plats r\u00e9alis\u00e9s avec des produits locaux, \u00e0 des tarifs tr\u00e8s raisonnables\" \/>\n<meta property=\"og:url\" content=\"https:\/\/lesalverien.fr\/index.php\/la-carte-salverien\/\" \/>\n<meta property=\"og:site_name\" content=\"Le Salverien\" \/>\n<meta property=\"article:modified_time\" content=\"2023-03-10T14:36:02+00:00\" \/>\n<meta property=\"og:image\" content=\"https:\/\/lesalverien.fr\/wp-content\/uploads\/2023\/03\/carte-724x1024.jpg\" \/>\n<meta name=\"twitter:card\" content=\"summary_large_image\" \/>\n<meta name=\"twitter:label1\" content=\"Dur\u00e9e de lecture estim\u00e9e\" \/>\n\t<meta name=\"twitter:data1\" content=\"2 minutes\" \/>\n<script type=\"application\/ld+json\" class=\"yoast-schema-graph\">{\"@context\":\"https:\\\/\\\/schema.org\",\"@graph\":[{\"@type\":\"WebPage\",\"@id\":\"https:\\\/\\\/lesalverien.fr\\\/index.php\\\/la-carte-salverien\\\/\",\"url\":\"https:\\\/\\\/lesalverien.fr\\\/index.php\\\/la-carte-salverien\\\/\",\"name\":\"La carte du Salv\u00e9rien - Le Salverien\",\"isPartOf\":{\"@id\":\"https:\\\/\\\/lesalverien.fr\\\/#website\"},\"primaryImageOfPage\":{\"@id\":\"https:\\\/\\\/lesalverien.fr\\\/index.php\\\/la-carte-salverien\\\/#primaryimage\"},\"image\":{\"@id\":\"https:\\\/\\\/lesalverien.fr\\\/index.php\\\/la-carte-salverien\\\/#primaryimage\"},\"thumbnailUrl\":\"https:\\\/\\\/lesalverien.fr\\\/wp-content\\\/uploads\\\/2023\\\/03\\\/carte-724x1024.jpg\",\"datePublished\":\"2022-01-30T16:07:35+00:00\",\"dateModified\":\"2023-03-10T14:36:02+00:00\",\"description\":\"La carte du Salv\u00e9rien . Notre carte vous permettra de d\u00e9guster des plats r\u00e9alis\u00e9s avec des produits locaux, \u00e0 des tarifs tr\u00e8s raisonnables\",\"breadcrumb\":{\"@id\":\"https:\\\/\\\/lesalverien.fr\\\/index.php\\\/la-carte-salverien\\\/#breadcrumb\"},\"inLanguage\":\"fr-FR\",\"potentialAction\":[{\"@type\":\"ReadAction\",\"target\":[\"https:\\\/\\\/lesalverien.fr\\\/index.php\\\/la-carte-salverien\\\/\"]}]},{\"@type\":\"ImageObject\",\"inLanguage\":\"fr-FR\",\"@id\":\"https:\\\/\\\/lesalverien.fr\\\/index.php\\\/la-carte-salverien\\\/#primaryimage\",\"url\":\"https:\\\/\\\/lesalverien.fr\\\/wp-content\\\/uploads\\\/2023\\\/03\\\/carte.jpg\",\"contentUrl\":\"https:\\\/\\\/lesalverien.fr\\\/wp-content\\\/uploads\\\/2023\\\/03\\\/carte.jpg\",\"width\":1414,\"height\":2000},{\"@type\":\"BreadcrumbList\",\"@id\":\"https:\\\/\\\/lesalverien.fr\\\/index.php\\\/la-carte-salverien\\\/#breadcrumb\",\"itemListElement\":[{\"@type\":\"ListItem\",\"position\":1,\"name\":\"Accueil\",\"item\":\"https:\\\/\\\/lesalverien.fr\\\/\"},{\"@type\":\"ListItem\",\"position\":2,\"name\":\"La carte du Salv\u00e9rien\"}]},{\"@type\":\"WebSite\",\"@id\":\"https:\\\/\\\/lesalverien.fr\\\/#website\",\"url\":\"https:\\\/\\\/lesalverien.fr\\\/\",\"name\":\"Le Salverien\",\"description\":\"\",\"publisher\":{\"@id\":\"https:\\\/\\\/lesalverien.fr\\\/#organization\"},\"potentialAction\":[{\"@type\":\"SearchAction\",\"target\":{\"@type\":\"EntryPoint\",\"urlTemplate\":\"https:\\\/\\\/lesalverien.fr\\\/?s={search_term_string}\"},\"query-input\":{\"@type\":\"PropertyValueSpecification\",\"valueRequired\":true,\"valueName\":\"search_term_string\"}}],\"inLanguage\":\"fr-FR\"},{\"@type\":\"Organization\",\"@id\":\"https:\\\/\\\/lesalverien.fr\\\/#organization\",\"name\":\"Le Salverien\",\"url\":\"https:\\\/\\\/lesalverien.fr\\\/\",\"logo\":{\"@type\":\"ImageObject\",\"inLanguage\":\"fr-FR\",\"@id\":\"https:\\\/\\\/lesalverien.fr\\\/#\\\/schema\\\/logo\\\/image\\\/\",\"url\":\"https:\\\/\\\/lesalverien.fr\\\/wp-content\\\/uploads\\\/2022\\\/01\\\/cropped-cropped-cropped-cropped-cropped-cropped-lesalveriendenuitjpeg-1-1.jpeg\",\"contentUrl\":\"https:\\\/\\\/lesalverien.fr\\\/wp-content\\\/uploads\\\/2022\\\/01\\\/cropped-cropped-cropped-cropped-cropped-cropped-lesalveriendenuitjpeg-1-1.jpeg\",\"width\":240,\"height\":240,\"caption\":\"Le Salverien\"},\"image\":{\"@id\":\"https:\\\/\\\/lesalverien.fr\\\/#\\\/schema\\\/logo\\\/image\\\/\"}}]}<\/script>\n<!-- \/ Yoast SEO plugin. -->","yoast_head_json":{"title":"La carte du Salv\u00e9rien - Le Salverien","description":"La carte du Salv\u00e9rien . Notre carte vous permettra de d\u00e9guster des plats r\u00e9alis\u00e9s avec des produits locaux, \u00e0 des tarifs tr\u00e8s raisonnables","robots":{"index":"index","follow":"follow","max-snippet":"max-snippet:-1","max-image-preview":"max-image-preview:large","max-video-preview":"max-video-preview:-1"},"canonical":"https:\/\/lesalverien.fr\/index.php\/la-carte-salverien\/","og_locale":"fr_FR","og_type":"article","og_title":"La carte du Salv\u00e9rien - Le Salverien","og_description":"La carte du Salv\u00e9rien . Notre carte vous permettra de d\u00e9guster des plats r\u00e9alis\u00e9s avec des produits locaux, \u00e0 des tarifs tr\u00e8s raisonnables","og_url":"https:\/\/lesalverien.fr\/index.php\/la-carte-salverien\/","og_site_name":"Le Salverien","article_modified_time":"2023-03-10T14:36:02+00:00","og_image":[{"url":"https:\/\/lesalverien.fr\/wp-content\/uploads\/2023\/03\/carte-724x1024.jpg","type":"","width":"","height":""}],"twitter_card":"summary_large_image","twitter_misc":{"Dur\u00e9e de lecture estim\u00e9e":"2 minutes"},"schema":{"@context":"https:\/\/schema.org","@graph":[{"@type":"WebPage","@id":"https:\/\/lesalverien.fr\/index.php\/la-carte-salverien\/","url":"https:\/\/lesalverien.fr\/index.php\/la-carte-salverien\/","name":"La carte du Salv\u00e9rien - Le Salverien","isPartOf":{"@id":"https:\/\/lesalverien.fr\/#website"},"primaryImageOfPage":{"@id":"https:\/\/lesalverien.fr\/index.php\/la-carte-salverien\/#primaryimage"},"image":{"@id":"https:\/\/lesalverien.fr\/index.php\/la-carte-salverien\/#primaryimage"},"thumbnailUrl":"https:\/\/lesalverien.fr\/wp-content\/uploads\/2023\/03\/carte-724x1024.jpg","datePublished":"2022-01-30T16:07:35+00:00","dateModified":"2023-03-10T14:36:02+00:00","description":"La carte du Salv\u00e9rien . Notre carte vous permettra de d\u00e9guster des plats r\u00e9alis\u00e9s avec des produits locaux, \u00e0 des tarifs tr\u00e8s raisonnables","breadcrumb":{"@id":"https:\/\/lesalverien.fr\/index.php\/la-carte-salverien\/#breadcrumb"},"inLanguage":"fr-FR","potentialAction":[{"@type":"ReadAction","target":["https:\/\/lesalverien.fr\/index.php\/la-carte-salverien\/"]}]},{"@type":"ImageObject","inLanguage":"fr-FR","@id":"https:\/\/lesalverien.fr\/index.php\/la-carte-salverien\/#primaryimage","url":"https:\/\/lesalverien.fr\/wp-content\/uploads\/2023\/03\/carte.jpg","contentUrl":"https:\/\/lesalverien.fr\/wp-content\/uploads\/2023\/03\/carte.jpg","width":1414,"height":2000},{"@type":"BreadcrumbList","@id":"https:\/\/lesalverien.fr\/index.php\/la-carte-salverien\/#breadcrumb","itemListElement":[{"@type":"ListItem","position":1,"name":"Accueil","item":"https:\/\/lesalverien.fr\/"},{"@type":"ListItem","position":2,"name":"La carte du Salv\u00e9rien"}]},{"@type":"WebSite","@id":"https:\/\/lesalverien.fr\/#website","url":"https:\/\/lesalverien.fr\/","name":"Le Salverien","description":"","publisher":{"@id":"https:\/\/lesalverien.fr\/#organization"},"potentialAction":[{"@type":"SearchAction","target":{"@type":"EntryPoint","urlTemplate":"https:\/\/lesalverien.fr\/?s={search_term_string}"},"query-input":{"@type":"PropertyValueSpecification","valueRequired":true,"valueName":"search_term_string"}}],"inLanguage":"fr-FR"},{"@type":"Organization","@id":"https:\/\/lesalverien.fr\/#organization","name":"Le Salverien","url":"https:\/\/lesalverien.fr\/","logo":{"@type":"ImageObject","inLanguage":"fr-FR","@id":"https:\/\/lesalverien.fr\/#\/schema\/logo\/image\/","url":"https:\/\/lesalverien.fr\/wp-content\/uploads\/2022\/01\/cropped-cropped-cropped-cropped-cropped-cropped-lesalveriendenuitjpeg-1-1.jpeg","contentUrl":"https:\/\/lesalverien.fr\/wp-content\/uploads\/2022\/01\/cropped-cropped-cropped-cropped-cropped-cropped-lesalveriendenuitjpeg-1-1.jpeg","width":240,"height":240,"caption":"Le Salverien"},"image":{"@id":"https:\/\/lesalverien.fr\/#\/schema\/logo\/image\/"}}]}},"_links":{"self":[{"href":"https:\/\/lesalverien.fr\/index.php\/wp-json\/wp\/v2\/pages\/53","targetHints":{"allow":["GET"]}}],"collection":[{"href":"https:\/\/lesalverien.fr\/index.php\/wp-json\/wp\/v2\/pages"}],"about":[{"href":"https:\/\/lesalverien.fr\/index.php\/wp-json\/wp\/v2\/types\/page"}],"author":[{"embeddable":true,"href":"https:\/\/lesalverien.fr\/index.php\/wp-json\/wp\/v2\/users\/1"}],"replies":[{"embeddable":true,"href":"https:\/\/lesalverien.fr\/index.php\/wp-json\/wp\/v2\/comments?post=53"}],"version-history":[{"count":11,"href":"https:\/\/lesalverien.fr\/index.php\/wp-json\/wp\/v2\/pages\/53\/revisions"}],"predecessor-version":[{"id":857,"href":"https:\/\/lesalverien.fr\/index.php\/wp-json\/wp\/v2\/pages\/53\/revisions\/857"}],"wp:attachment":[{"href":"https:\/\/lesalverien.fr\/index.php\/wp-json\/wp\/v2\/media?parent=53"}],"curies":[{"name":"wp","href":"https:\/\/api.w.org\/{rel}","templated":true}]}}